{"id":49,"date":"2017-04-06T17:19:44","date_gmt":"2017-04-06T22:19:44","guid":{"rendered":"http:\/\/minga.ec\/?page_id=49"},"modified":"2026-02-10T16:14:46","modified_gmt":"2026-02-10T21:14:46","slug":"politicas","status":"publish","type":"page","link":"https:\/\/minga.ec\/?page_id=49","title":{"rendered":"Pol\u00edticas de Calidad"},"content":{"rendered":"<p>[vc_row content_placement=&#8221;middle&#8221;][vc_column][tt_section_title title_alignment=&#8221;text-center&#8221; section_separator=&#8221;yes&#8221; separator_position=&#8221;after_title&#8221; title=&#8221;Pol\u00edtica de Calidad&#8221;][\/tt_section_title][vc_column_text css=&#8221;.vc_custom_1720796410329{padding-top: 15px !important;}&#8221;]<\/p>\n<p style=\"text-align: justify\">En\u00a0<strong>MINGA<\/strong>\u00a0producimos y vendemos productos y servicios de alta calidad que satisfacen plenamente las necesidades de los clientes existente y potenciales. As\u00ed, para todos los empleados, incluyendo el manejo de la calidad es una prioridad y la cultura de Calidad es una estrategia. As\u00ed que estamos comprometidos a:<\/p>\n<ul style=\"text-align: justify\">\n<li>Satisfacer los requerimientos de calidad de nuestros clientes internos y externos y asegurar el desempe\u00f1o de nuestros productos y servicios, cumpliendo con todos los requisitos t\u00e9cnicos, legales y regulatorios aplicables.<\/li>\n<li>Potenciar la fidelizaci\u00f3n de los clientes, ofreciendo productos con la m\u00e1s alta calidad.<\/li>\n<li>Continuamente esforzarnos en mejorar nuestros procesos internos y la eficacia del sistema de gesti\u00f3n de calidad establecido y certificado de acuerdo con las normas establecidas apropiadas.<\/li>\n<li>Promover la proactividad, fiabilidad y competencia de todos los colaboradores, mediante la formaci\u00f3n continua y su educaci\u00f3n, para asegurar la calidad en la presentaci\u00f3n de los servicios y fabricaci\u00f3n de productos.<\/li>\n<li>Integrar la Calidad, Pol\u00edticas de Medio Ambiente, Normas de seguridad y Salud, en todos nuestros procesos, Asegurando que sean parte integral del sistema de Gesti\u00f3n de calidad.<\/li>\n<li>Desarrollar una relaci\u00f3n mutuamente beneficiosa con nuestros proveedores y contratistas, cumpliendo con todos los requisitos de calidad.<\/li>\n<\/ul>\n<p style=\"text-align: justify\">Todo el personal de\u00a0<strong>MINGA\u00a0<\/strong>est\u00e1 comprometido con la aplicaci\u00f3n de toda la documentaci\u00f3n del sistema de gesti\u00f3n de calidad y la implementaci\u00f3n de pol\u00edticas y procedimientos en su trabajo diario.<\/p>\n<p style=\"text-align: justify\">Existiendo permanentemente el compromiso de la direcci\u00f3n con la buena pr\u00e1ctica profesional, imparcialidad y el cumplimiento con la NTE INEN ISO \/ IEC 17025, NTE INEN ISO \/ IEC 17020, ISO 9001, API Q1 y API 6A.<\/p>\n<p>Ver c\u00f3digo:<\/p>\n<p><a href=\"https:\/\/minga.ec\/wp-content\/uploads\/2024\/06\/ILC-DI-01-CODIGO-ETICA-Y-CONFIDENCIALIDAD.pdf\">ILC-DI-01 C\u00d3DIGO \u00c9TICA Y CONFIDENCIALIDAD<\/a><\/p>\n<p><a href=\"https:\/\/minga.ec\/wp-content\/uploads\/2024\/10\/PLC-DI-16-PROCEDIMIENTO-PARA-QUEJAS-Y-APELACIONES-rev-10.pdf\">PLC-DI-16 PROCEDIMIENTO PARA RECLAMOS Y APELACIONES Rev.10<\/a><\/p>\n<p><a href=\"https:\/\/minga.ec\/wp-content\/uploads\/2024\/07\/POLITICA-DE-CALIDAD_firm.pdf\">POL\u00cdTICA-DE-CALIDAD_firm<\/a><\/p>\n<p><a href=\"https:\/\/minga.ec\/wp-content\/uploads\/2024\/07\/OBJETIVOS-DE-CALIDAD_firm.pdf\">OBJETIVOS-DE-CALIDAD_firm<\/a><\/p>\n<p><a href=\"https:\/\/minga.ec\/wp-content\/uploads\/2026\/02\/COMPROMISO-CON-LA-IMPARCIALIDAD-signed.pdf\">IMPARCIALIDAD-GERENTE-GENERAL..-1<\/a>[\/vc_column_text][vc_row_inner][vc_column_inner width=&#8221;2\/3&#8243;][vc_single_image image=&#8221;98&#8243; img_size=&#8221;large&#8221; alignment=&#8221;center&#8221;][\/vc_column_inner][vc_column_inner width=&#8221;1\/3&#8243;][vc_separator color=&#8221;custom&#8221; accent_color=&#8221;#f6f6f6&#8243;][vc_column_text][\/vc_column_text][\/vc_column_inner][\/vc_row_inner][\/vc_column][\/vc_row]<\/p>\n","protected":false},"excerpt":{"rendered":"<p>[vc_row content_placement=&#8221;middle&#8221;][vc_column][tt_section_title title_alignment=&#8221;text-center&#8221; section_separator=&#8221;yes&#8221; separator_position=&#8221;after_title&#8221; title=&#8221;Pol\u00edtica de Calidad&#8221;][\/tt_section_title][vc_column_text css=&#8221;.vc_custom_1720796410329{padding-top: 15px !important;}&#8221;] En\u00a0MINGA\u00a0producimos y vendemos productos y servicios de alta calidad que satisfacen plenamente las necesidades de los clientes existente y potenciales. As\u00ed, para todos los empleados, incluyendo el manejo de la calidad es una prioridad y la cultura de Calidad es una estrategia. As\u00ed que [&hellip;]<\/p>\n","protected":false},"author":1,"featured_media":0,"parent":0,"menu_order":0,"comment_status":"closed","ping_status":"closed","template":"page-templates\/template-vc.php","meta":{"footnotes":""},"class_list":["post-49","page","type-page","status-publish","hentry"],"yoast_head":"<!-- This site is optimized with the Yoast SEO plugin v19.13 - https:\/\/yoast.com\/wordpress\/plugins\/seo\/ -->\n<title>Pol\u00edticas de Calidad - Minga<\/title>\n<meta name=\"robots\" content=\"index, follow, max-snippet:-1, max-image-preview:large, max-video-preview:-1\" \/>\n<link rel=\"canonical\" href=\"https:\/\/minga.ec\/?page_id=49\" \/>\n<meta property=\"og:locale\" content=\"es_ES\" \/>\n<meta property=\"og:type\" content=\"article\" \/>\n<meta property=\"og:title\" content=\"Pol\u00edticas de Calidad - Minga\" \/>\n<meta property=\"og:description\" content=\"[vc_row content_placement=&#8221;middle&#8221;][vc_column][tt_section_title title_alignment=&#8221;text-center&#8221; section_separator=&#8221;yes&#8221; separator_position=&#8221;after_title&#8221; title=&#8221;Pol\u00edtica de Calidad&#8221;][\/tt_section_title][vc_column_text css=&#8221;.vc_custom_1720796410329{padding-top: 15px !important;}&#8221;] En\u00a0MINGA\u00a0producimos y vendemos productos y servicios de alta calidad que satisfacen plenamente las necesidades de los clientes existente y potenciales. As\u00ed, para todos los empleados, incluyendo el manejo de la calidad es una prioridad y la cultura de Calidad es una estrategia. As\u00ed que [&hellip;]\" \/>\n<meta property=\"og:url\" content=\"https:\/\/minga.ec\/?page_id=49\" \/>\n<meta property=\"og:site_name\" content=\"Minga\" \/>\n<meta property=\"article:modified_time\" content=\"2026-02-10T21:14:46+00:00\" \/>\n<meta name=\"twitter:card\" content=\"summary_large_image\" \/>\n<meta name=\"twitter:label1\" content=\"Tiempo de lectura\" \/>\n\t<meta name=\"twitter:data1\" content=\"2 minutos\" \/>\n<script type=\"application\/ld+json\" class=\"yoast-schema-graph\">{\"@context\":\"https:\/\/schema.org\",\"@graph\":[{\"@type\":\"WebPage\",\"@id\":\"https:\/\/minga.ec\/?page_id=49\",\"url\":\"https:\/\/minga.ec\/?page_id=49\",\"name\":\"Pol\u00edticas de Calidad - Minga\",\"isPartOf\":{\"@id\":\"https:\/\/minga.ec\/#website\"},\"datePublished\":\"2017-04-06T22:19:44+00:00\",\"dateModified\":\"2026-02-10T21:14:46+00:00\",\"breadcrumb\":{\"@id\":\"https:\/\/minga.ec\/?page_id=49#breadcrumb\"},\"inLanguage\":\"es\",\"potentialAction\":[{\"@type\":\"ReadAction\",\"target\":[\"https:\/\/minga.ec\/?page_id=49\"]}]},{\"@type\":\"BreadcrumbList\",\"@id\":\"https:\/\/minga.ec\/?page_id=49#breadcrumb\",\"itemListElement\":[{\"@type\":\"ListItem\",\"position\":1,\"name\":\"Portada\",\"item\":\"https:\/\/minga.ec\/\"},{\"@type\":\"ListItem\",\"position\":2,\"name\":\"Pol\u00edticas de Calidad\"}]},{\"@type\":\"WebSite\",\"@id\":\"https:\/\/minga.ec\/#website\",\"url\":\"https:\/\/minga.ec\/\",\"name\":\"Minga\",\"description\":\"Servicios t\u00e9cnicos y venta de equipos para el \u00e1rea petrolera\",\"potentialAction\":[{\"@type\":\"SearchAction\",\"target\":{\"@type\":\"EntryPoint\",\"urlTemplate\":\"https:\/\/minga.ec\/?s={search_term_string}\"},\"query-input\":\"required name=search_term_string\"}],\"inLanguage\":\"es\"}]}<\/script>\n<!-- \/ Yoast SEO plugin. -->","yoast_head_json":{"title":"Pol\u00edticas de Calidad - Minga","robots":{"index":"index","follow":"follow","max-snippet":"max-snippet:-1","max-image-preview":"max-image-preview:large","max-video-preview":"max-video-preview:-1"},"canonical":"https:\/\/minga.ec\/?page_id=49","og_locale":"es_ES","og_type":"article","og_title":"Pol\u00edticas de Calidad - Minga","og_description":"[vc_row content_placement=&#8221;middle&#8221;][vc_column][tt_section_title title_alignment=&#8221;text-center&#8221; section_separator=&#8221;yes&#8221; separator_position=&#8221;after_title&#8221; title=&#8221;Pol\u00edtica de Calidad&#8221;][\/tt_section_title][vc_column_text css=&#8221;.vc_custom_1720796410329{padding-top: 15px !important;}&#8221;] En\u00a0MINGA\u00a0producimos y vendemos productos y servicios de alta calidad que satisfacen plenamente las necesidades de los clientes existente y potenciales. As\u00ed, para todos los empleados, incluyendo el manejo de la calidad es una prioridad y la cultura de Calidad es una estrategia. As\u00ed que [&hellip;]","og_url":"https:\/\/minga.ec\/?page_id=49","og_site_name":"Minga","article_modified_time":"2026-02-10T21:14:46+00:00","twitter_card":"summary_large_image","twitter_misc":{"Tiempo de lectura":"2 minutos"},"schema":{"@context":"https:\/\/schema.org","@graph":[{"@type":"WebPage","@id":"https:\/\/minga.ec\/?page_id=49","url":"https:\/\/minga.ec\/?page_id=49","name":"Pol\u00edticas de Calidad - Minga","isPartOf":{"@id":"https:\/\/minga.ec\/#website"},"datePublished":"2017-04-06T22:19:44+00:00","dateModified":"2026-02-10T21:14:46+00:00","breadcrumb":{"@id":"https:\/\/minga.ec\/?page_id=49#breadcrumb"},"inLanguage":"es","potentialAction":[{"@type":"ReadAction","target":["https:\/\/minga.ec\/?page_id=49"]}]},{"@type":"BreadcrumbList","@id":"https:\/\/minga.ec\/?page_id=49#breadcrumb","itemListElement":[{"@type":"ListItem","position":1,"name":"Portada","item":"https:\/\/minga.ec\/"},{"@type":"ListItem","position":2,"name":"Pol\u00edticas de Calidad"}]},{"@type":"WebSite","@id":"https:\/\/minga.ec\/#website","url":"https:\/\/minga.ec\/","name":"Minga","description":"Servicios t\u00e9cnicos y venta de equipos para el \u00e1rea petrolera","potentialAction":[{"@type":"SearchAction","target":{"@type":"EntryPoint","urlTemplate":"https:\/\/minga.ec\/?s={search_term_string}"},"query-input":"required name=search_term_string"}],"inLanguage":"es"}]}},"_links":{"self":[{"href":"https:\/\/minga.ec\/index.php?rest_route=\/wp\/v2\/pages\/49","targetHints":{"allow":["GET"]}}],"collection":[{"href":"https:\/\/minga.ec\/index.php?rest_route=\/wp\/v2\/pages"}],"about":[{"href":"https:\/\/minga.ec\/index.php?rest_route=\/wp\/v2\/types\/page"}],"author":[{"embeddable":true,"href":"https:\/\/minga.ec\/index.php?rest_route=\/wp\/v2\/users\/1"}],"replies":[{"embeddable":true,"href":"https:\/\/minga.ec\/index.php?rest_route=%2Fwp%2Fv2%2Fcomments&post=49"}],"version-history":[{"count":43,"href":"https:\/\/minga.ec\/index.php?rest_route=\/wp\/v2\/pages\/49\/revisions"}],"predecessor-version":[{"id":827,"href":"https:\/\/minga.ec\/index.php?rest_route=\/wp\/v2\/pages\/49\/revisions\/827"}],"wp:attachment":[{"href":"https:\/\/minga.ec\/index.php?rest_route=%2Fwp%2Fv2%2Fmedia&parent=49"}],"curies":[{"name":"wp","href":"https:\/\/api.w.org\/{rel}","templated":true}]}}