{"id":37,"date":"2017-04-06T16:31:23","date_gmt":"2017-04-06T21:31:23","guid":{"rendered":"http:\/\/minga.ec\/?page_id=37"},"modified":"2024-06-12T17:27:27","modified_gmt":"2024-06-12T22:27:27","slug":"mision-vision-valores","status":"publish","type":"page","link":"https:\/\/minga.ec\/?page_id=37","title":{"rendered":"Misi\u00f3n, Visi\u00f3n, Valores"},"content":{"rendered":"<p>[vc_row css=&#8221;.vc_custom_1548363706302{margin-top: -120px !important;padding-top: 0px !important;padding-bottom: 0px !important;}&#8221; el_id=&#8221;Mision y Visi\u00f3n&#8221;][vc_column css=&#8221;.vc_custom_1519762845237{padding-bottom: 0px !important;}&#8221;][tt_section_title title_alignment=&#8221;text-center&#8221; section_separator=&#8221;yes&#8221; separator_position=&#8221;after_title&#8221; title=&#8221;MINGA&#8221;]<\/p>\n<h4><span style=\"color: #000000\">Empresa de prestaci\u00f3n de servicios t\u00e9cnicos y venta de equipos para el \u00e1rea petrolera e industria en general<\/span><\/h4>\n<p>[\/tt_section_title][vc_tta_tabs shape=&#8221;square&#8221; color=&#8221;white&#8221; active_section=&#8221;2&#8243; no_fill_content_area=&#8221;true&#8221; css=&#8221;.vc_custom_1519762854059{padding-bottom: 0px !important;}&#8221;][vc_tta_section title=&#8221;Misi\u00f3n&#8221; tab_id=&#8221;mision&#8221;][vc_row_inner][vc_column_inner css=&#8221;.vc_custom_1519762867658{padding-bottom: 0px !important;}&#8221;][vc_column_text]Proporcionar servicios de calidad, al sector petrolero, energ\u00e9tico y minero bajo est\u00e1ndares API, ASME, ISO\/IEC, INEN; con personal motivado y equipos modernos los 365 d\u00edas del a\u00f1o, generando rentabilidad a la empresa y satisfacci\u00f3n a los clientes en las siguientes l\u00edneas de negocios:<\/p>\n<ul>\n<li>Dise\u00f1o, Fabricaci\u00f3n, Reparaci\u00f3n y Remanufactura de de cabezales de pozo, \u00c1rboles de valvuals y equipos de Perforaciones; Reparaci\u00f3n, Remanufactura y Recertificaci\u00f3n de Equipos de Perforaci\u00f3n incluyendo BOP y partes relacionadas seg\u00fan API-16AR; Reparaci\u00f3n y remanufactura de piezas, herramientas y equipos upstream para la industria del petr\u00f3leo y el gas<\/li>\n<li>Organismos de Inspecci\u00f3n.<\/li>\n<li>Laboratorio de calibraci\u00f3n.<\/li>\n<li>Servicios especializados de construcci\u00f3n de obras el\u00e9ctricas, mec\u00e1nicos y civiles.<\/li>\n<li>\u00a0Mantenimiento de equipo rotativo y est\u00e1tico.<\/li>\n<\/ul>\n<p>[\/vc_column_text][\/vc_column_inner][\/vc_row_inner][\/vc_tta_section][vc_tta_section title=&#8221;Visi\u00f3n&#8221; tab_id=&#8221;vision&#8221;][vc_row_inner][vc_column_inner][vc_column_text css=&#8221;.vc_custom_1548446744855{margin-bottom: 80px !important;}&#8221;]<\/p>\n<p style=\"text-align: justify\">&#8220;Ser una empresa regional, din\u00e1mica referente en la prestaci\u00f3n de servicios industriales especializados, con una cultura organizacional, de trabajo en equipo para la consecuci\u00f3n de metas, basada en nuestros valores corporativos, consolidando nuestra marca MINGA en el mercado.&#8221;<\/p>\n<p style=\"text-align: justify\">La compa\u00f1\u00eda se cre\u00f3 con el objetivo de solventar aquellas necesidades de las empresas p\u00fablicas como privadas, que trabajan en el d\u00eda a d\u00eda con el desarrollo de la industria petrolera en el Ecuador. Ante la visi\u00f3n del crecimiento y desarrollo petrol\u00edfero en el pa\u00eds, nos ha obligado a realizar esfuerzos para suplir el mercado, desarrollando servicios de calidad y t\u00e9cnicos.<\/p>\n<p>[\/vc_column_text][tt_section_title title_alignment=&#8221;text-center&#8221; section_separator=&#8221;yes&#8221; separator_position=&#8221;after_title&#8221; title=&#8221;NORMAS Y CERTIFICACIONES&#8221;][\/tt_section_title][vc_column_text]<img decoding=\"async\" class=\"alignnone size-full wp-image-662 aligncenter\" src=\"https:\/\/minga.ec\/wp-content\/uploads\/2024\/06\/saeoi-170x85-1.png\" alt=\"\" width=\"170\" height=\"85\" \/><\/p>\n<p style=\"text-align: center\">Para ver el alcance del Organismo de inspecci\u00f3n MINGA<\/p>\n<p style=\"text-align: center\">ver: <a href=\"https:\/\/sisac.acreditacion.gob.ec\/storage\/users\/mingasa\/accreditation_application\/613\/pdf_actives_scopes\/2024_02_07_17_04_18_Alcances_OAE%20OI%2012-008_20240207_170404.pdf\">https:\/\/www.acreditacion.gob.ec\/<\/a><\/p>\n<p>[\/vc_column_text][\/vc_column_inner][\/vc_row_inner][vc_column_text]<img decoding=\"async\" class=\"alignnone size-full wp-image-661\" src=\"https:\/\/minga.ec\/wp-content\/uploads\/2024\/06\/qms-170x85-1.png\" alt=\"\" width=\"170\" height=\"85\" \/><img decoding=\"async\" class=\"alignnone size-medium wp-image-548\" src=\"https:\/\/minga.ec\/wp-content\/uploads\/2017\/04\/q1api-300x150.png\" alt=\"\" width=\"300\" height=\"150\" srcset=\"https:\/\/minga.ec\/wp-content\/uploads\/2017\/04\/q1api-300x150.png 300w, https:\/\/minga.ec\/wp-content\/uploads\/2017\/04\/q1api-170x85.png 170w, https:\/\/minga.ec\/wp-content\/uploads\/2017\/04\/q1api.png 400w\" sizes=\"(max-width: 300px) 100vw, 300px\" \/><img loading=\"lazy\" decoding=\"async\" class=\"alignnone size-medium wp-image-547\" src=\"https:\/\/minga.ec\/wp-content\/uploads\/2017\/04\/license-num-300x150.png\" alt=\"\" width=\"300\" height=\"150\" srcset=\"https:\/\/minga.ec\/wp-content\/uploads\/2017\/04\/license-num-300x150.png 300w, https:\/\/minga.ec\/wp-content\/uploads\/2017\/04\/license-num-170x85.png 170w, https:\/\/minga.ec\/wp-content\/uploads\/2017\/04\/license-num.png 400w\" sizes=\"(max-width: 300px) 100vw, 300px\" \/><img loading=\"lazy\" decoding=\"async\" class=\"alignnone wp-image-667\" src=\"https:\/\/minga.ec\/wp-content\/uploads\/2024\/06\/bv-170x85-2-300x145.png\" alt=\"\" width=\"197\" height=\"82\" \/>[\/vc_column_text][vc_column_text]<img loading=\"lazy\" decoding=\"async\" class=\"alignnone size-full wp-image-655 aligncenter\" src=\"https:\/\/minga.ec\/wp-content\/uploads\/2024\/06\/labcab-170x85-1.png\" alt=\"\" width=\"170\" height=\"85\" \/><\/p>\n<p style=\"text-align: center\">Para ver el alcance de Laboratorio de Calibraci\u00f3n MINGA<\/p>\n<p style=\"text-align: center\">ver: <a href=\"https:\/\/sisac.acreditacion.gob.ec\/storage\/users\/mingasa\/accreditation_application\/491\/pdf_actives_scopes\/2024_02_07_17_02_11_Alcances_SAE%20LCA%2015-003_20240207_170203.pdf\">https:\/\/www.acreditacion.gob.ec\/<\/a><\/p>\n<p>[\/vc_column_text][\/vc_tta_section][vc_tta_section title=&#8221;Valores y Principios Corporativos&#8221; tab_id=&#8221;valores_y_principios&#8221;][vc_empty_space height=&#8221;65px&#8221;][vc_row_inner][vc_column_inner width=&#8221;1\/3&#8243;][vc_column_text]<\/p>\n<h3>Honestidad y Justicia<\/h3>\n<p>Actuamos con transparencia y sinceridad en todas nuestras acciones, construyendo confianza a trav\u00e9s de la integridad y la veracidad.<\/p>\n<p>Nos guiamos por la equidad y la imparcialidad, asegurando un trato justo para todos y promoviendo un entorno equilibrado y justo en todas nuestras decisiones.<\/p>\n<p>&nbsp;[\/vc_column_text][\/vc_column_inner][vc_column_inner width=&#8221;1\/3&#8243;][vc_column_text css=&#8221;.vc_custom_1548363586055{margin-bottom: 80px !important;}&#8221;]<\/p>\n<h3>Compromiso, Responsabilidad y Lealtad<\/h3>\n<p style=\"text-align: justify\">Conocemos la diferencia entre estar involucrados y comprometidos;<\/p>\n<p style=\"text-align: justify\">Nosotros elegimos el compromiso que en una palabra es entregar nuestra vida por lo que creemos.<\/p>\n<p style=\"text-align: justify\">Desarrollamos nuestra conciencia para cumplir con un compromiso a un frente a circunstancias cambiantes o adversas<\/p>\n<p>[\/vc_column_text][\/vc_column_inner][vc_column_inner width=&#8221;1\/3&#8243;][vc_column_text]<\/p>\n<h3>Proactividad, Trabajo en equipo, Responsabilidad social y ambiental<\/h3>\n<p>Anticipamos necesidades y oportunidades, tomando la iniciativa para mejorar continuamente y ofrecer soluciones innovadoras.<\/p>\n<p>Colaboramos eficazmente, aprovechando las fortalezas de cada miembro para alcanzar objetivos comunes y lograr el \u00e9xito colectivo.<\/p>\n<p>Nos comprometemos a pr\u00e1cticas sostenibles, apoyando el bienestar de la comunidad y protegiendo el medio ambiente en todas nuestras operaciones.[\/vc_column_text][\/vc_column_inner][\/vc_row_inner][\/vc_tta_section][\/vc_tta_tabs][\/vc_column][\/vc_row]<\/p>\n","protected":false},"excerpt":{"rendered":"<p>[vc_row css=&#8221;.vc_custom_1548363706302{margin-top: -120px !important;padding-top: 0px !important;padding-bottom: 0px !important;}&#8221; el_id=&#8221;Mision y Visi\u00f3n&#8221;][vc_column css=&#8221;.vc_custom_1519762845237{padding-bottom: 0px !important;}&#8221;][tt_section_title title_alignment=&#8221;text-center&#8221; section_separator=&#8221;yes&#8221; separator_position=&#8221;after_title&#8221; title=&#8221;MINGA&#8221;] Empresa de prestaci\u00f3n de servicios t\u00e9cnicos y venta de equipos para el \u00e1rea petrolera e industria en general [\/tt_section_title][vc_tta_tabs shape=&#8221;square&#8221; color=&#8221;white&#8221; active_section=&#8221;2&#8243; no_fill_content_area=&#8221;true&#8221; css=&#8221;.vc_custom_1519762854059{padding-bottom: 0px !important;}&#8221;][vc_tta_section title=&#8221;Misi\u00f3n&#8221; tab_id=&#8221;mision&#8221;][vc_row_inner][vc_column_inner css=&#8221;.vc_custom_1519762867658{padding-bottom: 0px !important;}&#8221;][vc_column_text]Proporcionar servicios de calidad, al sector petrolero, [&hellip;]<\/p>\n","protected":false},"author":1,"featured_media":0,"parent":0,"menu_order":0,"comment_status":"closed","ping_status":"closed","template":"","meta":{"footnotes":""},"class_list":["post-37","page","type-page","status-publish","hentry"],"yoast_head":"<!-- This site is optimized with the Yoast SEO plugin v19.13 - https:\/\/yoast.com\/wordpress\/plugins\/seo\/ -->\n<title>Misi\u00f3n, Visi\u00f3n, Valores - Minga<\/title>\n<meta name=\"robots\" content=\"index, follow, max-snippet:-1, max-image-preview:large, max-video-preview:-1\" \/>\n<link rel=\"canonical\" href=\"https:\/\/minga.ec\/?page_id=37\" \/>\n<meta property=\"og:locale\" content=\"es_ES\" \/>\n<meta property=\"og:type\" content=\"article\" \/>\n<meta property=\"og:title\" content=\"Misi\u00f3n, Visi\u00f3n, Valores - Minga\" \/>\n<meta property=\"og:description\" content=\"[vc_row css=&#8221;.vc_custom_1548363706302{margin-top: -120px !important;padding-top: 0px !important;padding-bottom: 0px !important;}&#8221; el_id=&#8221;Mision y Visi\u00f3n&#8221;][vc_column css=&#8221;.vc_custom_1519762845237{padding-bottom: 0px !important;}&#8221;][tt_section_title title_alignment=&#8221;text-center&#8221; section_separator=&#8221;yes&#8221; separator_position=&#8221;after_title&#8221; title=&#8221;MINGA&#8221;] Empresa de prestaci\u00f3n de servicios t\u00e9cnicos y venta de equipos para el \u00e1rea petrolera e industria en general [\/tt_section_title][vc_tta_tabs shape=&#8221;square&#8221; color=&#8221;white&#8221; active_section=&#8221;2&#8243; no_fill_content_area=&#8221;true&#8221; css=&#8221;.vc_custom_1519762854059{padding-bottom: 0px !important;}&#8221;][vc_tta_section title=&#8221;Misi\u00f3n&#8221; tab_id=&#8221;mision&#8221;][vc_row_inner][vc_column_inner css=&#8221;.vc_custom_1519762867658{padding-bottom: 0px !important;}&#8221;][vc_column_text]Proporcionar servicios de calidad, al sector petrolero, [&hellip;]\" \/>\n<meta property=\"og:url\" content=\"https:\/\/minga.ec\/?page_id=37\" \/>\n<meta property=\"og:site_name\" content=\"Minga\" \/>\n<meta property=\"article:modified_time\" content=\"2024-06-12T22:27:27+00:00\" \/>\n<meta property=\"og:image\" content=\"https:\/\/minga.ec\/wp-content\/uploads\/2024\/06\/saeoi-170x85-1.png\" \/>\n<meta name=\"twitter:card\" content=\"summary_large_image\" \/>\n<meta name=\"twitter:label1\" content=\"Tiempo de lectura\" \/>\n\t<meta name=\"twitter:data1\" content=\"2 minutos\" \/>\n<script type=\"application\/ld+json\" class=\"yoast-schema-graph\">{\"@context\":\"https:\/\/schema.org\",\"@graph\":[{\"@type\":\"WebPage\",\"@id\":\"https:\/\/minga.ec\/?page_id=37\",\"url\":\"https:\/\/minga.ec\/?page_id=37\",\"name\":\"Misi\u00f3n, Visi\u00f3n, Valores - Minga\",\"isPartOf\":{\"@id\":\"https:\/\/minga.ec\/#website\"},\"datePublished\":\"2017-04-06T21:31:23+00:00\",\"dateModified\":\"2024-06-12T22:27:27+00:00\",\"breadcrumb\":{\"@id\":\"https:\/\/minga.ec\/?page_id=37#breadcrumb\"},\"inLanguage\":\"es\",\"potentialAction\":[{\"@type\":\"ReadAction\",\"target\":[\"https:\/\/minga.ec\/?page_id=37\"]}]},{\"@type\":\"BreadcrumbList\",\"@id\":\"https:\/\/minga.ec\/?page_id=37#breadcrumb\",\"itemListElement\":[{\"@type\":\"ListItem\",\"position\":1,\"name\":\"Portada\",\"item\":\"https:\/\/minga.ec\/\"},{\"@type\":\"ListItem\",\"position\":2,\"name\":\"Misi\u00f3n, Visi\u00f3n, Valores\"}]},{\"@type\":\"WebSite\",\"@id\":\"https:\/\/minga.ec\/#website\",\"url\":\"https:\/\/minga.ec\/\",\"name\":\"Minga\",\"description\":\"Servicios t\u00e9cnicos y venta de equipos para el \u00e1rea petrolera\",\"potentialAction\":[{\"@type\":\"SearchAction\",\"target\":{\"@type\":\"EntryPoint\",\"urlTemplate\":\"https:\/\/minga.ec\/?s={search_term_string}\"},\"query-input\":\"required name=search_term_string\"}],\"inLanguage\":\"es\"}]}<\/script>\n<!-- \/ Yoast SEO plugin. -->","yoast_head_json":{"title":"Misi\u00f3n, Visi\u00f3n, Valores - Minga","robots":{"index":"index","follow":"follow","max-snippet":"max-snippet:-1","max-image-preview":"max-image-preview:large","max-video-preview":"max-video-preview:-1"},"canonical":"https:\/\/minga.ec\/?page_id=37","og_locale":"es_ES","og_type":"article","og_title":"Misi\u00f3n, Visi\u00f3n, Valores - Minga","og_description":"[vc_row css=&#8221;.vc_custom_1548363706302{margin-top: -120px !important;padding-top: 0px !important;padding-bottom: 0px !important;}&#8221; el_id=&#8221;Mision y Visi\u00f3n&#8221;][vc_column css=&#8221;.vc_custom_1519762845237{padding-bottom: 0px !important;}&#8221;][tt_section_title title_alignment=&#8221;text-center&#8221; section_separator=&#8221;yes&#8221; separator_position=&#8221;after_title&#8221; title=&#8221;MINGA&#8221;] Empresa de prestaci\u00f3n de servicios t\u00e9cnicos y venta de equipos para el \u00e1rea petrolera e industria en general [\/tt_section_title][vc_tta_tabs shape=&#8221;square&#8221; color=&#8221;white&#8221; active_section=&#8221;2&#8243; no_fill_content_area=&#8221;true&#8221; css=&#8221;.vc_custom_1519762854059{padding-bottom: 0px !important;}&#8221;][vc_tta_section title=&#8221;Misi\u00f3n&#8221; tab_id=&#8221;mision&#8221;][vc_row_inner][vc_column_inner css=&#8221;.vc_custom_1519762867658{padding-bottom: 0px !important;}&#8221;][vc_column_text]Proporcionar servicios de calidad, al sector petrolero, [&hellip;]","og_url":"https:\/\/minga.ec\/?page_id=37","og_site_name":"Minga","article_modified_time":"2024-06-12T22:27:27+00:00","og_image":[{"url":"https:\/\/minga.ec\/wp-content\/uploads\/2024\/06\/saeoi-170x85-1.png"}],"twitter_card":"summary_large_image","twitter_misc":{"Tiempo de lectura":"2 minutos"},"schema":{"@context":"https:\/\/schema.org","@graph":[{"@type":"WebPage","@id":"https:\/\/minga.ec\/?page_id=37","url":"https:\/\/minga.ec\/?page_id=37","name":"Misi\u00f3n, Visi\u00f3n, Valores - Minga","isPartOf":{"@id":"https:\/\/minga.ec\/#website"},"datePublished":"2017-04-06T21:31:23+00:00","dateModified":"2024-06-12T22:27:27+00:00","breadcrumb":{"@id":"https:\/\/minga.ec\/?page_id=37#breadcrumb"},"inLanguage":"es","potentialAction":[{"@type":"ReadAction","target":["https:\/\/minga.ec\/?page_id=37"]}]},{"@type":"BreadcrumbList","@id":"https:\/\/minga.ec\/?page_id=37#breadcrumb","itemListElement":[{"@type":"ListItem","position":1,"name":"Portada","item":"https:\/\/minga.ec\/"},{"@type":"ListItem","position":2,"name":"Misi\u00f3n, Visi\u00f3n, Valores"}]},{"@type":"WebSite","@id":"https:\/\/minga.ec\/#website","url":"https:\/\/minga.ec\/","name":"Minga","description":"Servicios t\u00e9cnicos y venta de equipos para el \u00e1rea petrolera","potentialAction":[{"@type":"SearchAction","target":{"@type":"EntryPoint","urlTemplate":"https:\/\/minga.ec\/?s={search_term_string}"},"query-input":"required name=search_term_string"}],"inLanguage":"es"}]}},"_links":{"self":[{"href":"https:\/\/minga.ec\/index.php?rest_route=\/wp\/v2\/pages\/37","targetHints":{"allow":["GET"]}}],"collection":[{"href":"https:\/\/minga.ec\/index.php?rest_route=\/wp\/v2\/pages"}],"about":[{"href":"https:\/\/minga.ec\/index.php?rest_route=\/wp\/v2\/types\/page"}],"author":[{"embeddable":true,"href":"https:\/\/minga.ec\/index.php?rest_route=\/wp\/v2\/users\/1"}],"replies":[{"embeddable":true,"href":"https:\/\/minga.ec\/index.php?rest_route=%2Fwp%2Fv2%2Fcomments&post=37"}],"version-history":[{"count":53,"href":"https:\/\/minga.ec\/index.php?rest_route=\/wp\/v2\/pages\/37\/revisions"}],"predecessor-version":[{"id":686,"href":"https:\/\/minga.ec\/index.php?rest_route=\/wp\/v2\/pages\/37\/revisions\/686"}],"wp:attachment":[{"href":"https:\/\/minga.ec\/index.php?rest_route=%2Fwp%2Fv2%2Fmedia&parent=37"}],"curies":[{"name":"wp","href":"https:\/\/api.w.org\/{rel}","templated":true}]}}