{"id":17,"date":"2017-04-06T14:41:03","date_gmt":"2017-04-06T19:41:03","guid":{"rendered":"http:\/\/minga.ec\/?page_id=17"},"modified":"2024-10-08T13:47:31","modified_gmt":"2024-10-08T18:47:31","slug":"home","status":"publish","type":"page","link":"https:\/\/minga.ec\/","title":{"rendered":"Home"},"content":{"rendered":"<p>[vc_row css=&#8221;.vc_custom_1519936480747{padding-top: 0px !important;padding-bottom: 0px !important;}&#8221;][vc_column][rev_slider_vc alias=&#8221;home-slide&#8221; title=&#8221;Slider Principal&#8221;][\/vc_column][\/vc_row][vc_row css=&#8221;.vc_custom_1524764534370{margin-bottom: 0px !important;padding-top: 25px !important;padding-bottom: 10px !important;background-color: #f6f6f6 !important;}&#8221;][vc_column width=&#8221;2\/3&#8243;][tt_section_title title_alignment=&#8221;text-center&#8221; section_separator=&#8221;no&#8221; title=&#8221;Qui\u00e9nes &#8211; Somos&#8221;]<\/p>\n<p style=\"text-align: justify\">MINGA empresa pionera en el Sector Hidrocarbur\u00edfero del Pa\u00eds, fundada hace m\u00e1s de 40 a\u00f1os, se cre\u00f3 para constituirse en brindar Servicios de Construcci\u00f3n, Servicios Especializados, Servicio T\u00e9cnico, Organismo de Inspecci\u00f3n bajo la <strong>Norma 17020<\/strong>, Laboratorio de Calibraci\u00f3n bajo la <strong>Norma 17025<\/strong> y Servicio de fabricaci\u00f3n y reparaci\u00f3n bajo la <strong>Norma &#8211; API Q1 6A<\/strong> para satisfacer las necesidades y expectativas de nuestros clientes en el sector Petrolero, Energ\u00e9tico y Minero.<\/p>\n<p>[\/tt_section_title][\/vc_column][vc_column width=&#8221;1\/3&#8243;][tt_section_title title_alignment=&#8221;text-center&#8221; title=&#8221;Normas&#8221;][\/tt_section_title][vc_gallery type=&#8221;flexslider_slide&#8221; interval=&#8221;5&#8243; images=&#8221;549,547,548,695,669,694&#8243; img_size=&#8221;medium&#8221;][\/vc_column][\/vc_row][vc_row][vc_column css=&#8221;.vc_custom_1548366975547{margin-top: 50px !important;}&#8221;][tt_section_title title_alignment=&#8221;text-center&#8221; title=&#8221;Portafolio &#8211; Servicios&#8221;]<a href=\"https:\/\/des.twiinshrm.com\/views\/02_candidatos\/#\/candidato\/trabaja.\"><img decoding=\"async\" class=\"wp-image-634 size-medium alignleft\" src=\"https:\/\/minga.ec\/wp-content\/uploads\/2017\/04\/trabaja-con-nosotros-minga-300x159.png\" alt=\"\" width=\"300\" height=\"159\" srcset=\"https:\/\/minga.ec\/wp-content\/uploads\/2017\/04\/trabaja-con-nosotros-minga-300x159.png 300w, https:\/\/minga.ec\/wp-content\/uploads\/2017\/04\/trabaja-con-nosotros-minga-170x90.png 170w, https:\/\/minga.ec\/wp-content\/uploads\/2017\/04\/trabaja-con-nosotros-minga.png 452w\" sizes=\"(max-width: 300px) 100vw, 300px\" \/><\/a>[\/tt_section_title][vc_tta_tour controls_size=&#8221;md&#8221; active_section=&#8221;1&#8243;][vc_tta_section title=&#8221;Servicio de mantenimiento, reparaci\u00f3n de equipos y herramientas&#8221; tab_id=&#8221;servicios_construccion&#8221;][vc_column_text]<\/p>\n<p align=\"justify\"><span style=\"color: #808080\"><span style=\"font-family: Liberation Serif, serif\"><span style=\"font-size: medium\">Fabricaci\u00f3n, rehabilitaci\u00f3n, mantenimiento de Partes y\/o equipos de perforaci\u00f3n, bombas de lodo, motores de di\u00e9sel, generadores y herramientas de perforaci\u00f3n, etc.<\/span><\/span><\/span><\/p>\n<p>[\/vc_column_text][vc_single_image image=&#8221;687&#8243; img_size=&#8221;750&#215;300&#8243; alignment=&#8221;center&#8221; onclick=&#8221;custom_link&#8221; link=&#8221;https:\/\/minga.ec\/servicios\/#servicio-construccion&#8221;][\/vc_tta_section][vc_tta_section title=&#8221;Servicio de construcci\u00f3n, reconstrucci\u00f3n, reparaci\u00f3n de v\u00e1lvulas y cabezales&#8221; tab_id=&#8221;1519754182324-7671bf0f-b173&#8243;][vc_column_text]<\/p>\n<ul>\n<li><span style=\"color: #808080\"><span style=\"font-family: Liberation Serif, serif\"><span style=\"font-size: medium\">Pruebas de presi\u00f3n para v\u00e1lvulas<\/span><\/span><\/span><\/li>\n<li><span style=\"color: #808080\"><span style=\"font-family: Liberation Serif, serif\"><span style=\"font-size: medium\">Inspecci\u00f3n, limpieza y evaluaci\u00f3n de v\u00e1lvulas<\/span><\/span><\/span><\/li>\n<li><span style=\"color: #808080\"><span style=\"font-family: Liberation Serif, serif\"><span style=\"font-size: medium\">Reparaci\u00f3n v\u00e1lvulas de bola<\/span><\/span><\/span><\/li>\n<li><span style=\"color: #808080\"><span style=\"font-family: Liberation Serif, serif\"><span style=\"font-size: medium\">Reparaci\u00f3n v\u00e1lvulas de compuerta<\/span><\/span><\/span><\/li>\n<li><span style=\"color: #808080\"><span style=\"font-family: Liberation Serif, serif\"><span style=\"font-size: medium\">Reparaci\u00f3n v\u00e1lvulas check<\/span><\/span><\/span><\/li>\n<\/ul>\n<p>[\/vc_column_text][vc_single_image image=&#8221;688&#8243; img_size=&#8221;750&#215;300&#8243; alignment=&#8221;center&#8221; onclick=&#8221;custom_link&#8221; link=&#8221;https:\/\/minga.ec\/servicios\/#servicio-tecnico-especializado&#8221;][\/vc_tta_section][vc_tta_section title=&#8221;Servicio m\u00f3vil de suelda&#8221; tab_id=&#8221;1519754182557-9c37be71-fb87&#8243;][vc_column_text]<span style=\"color: #808080\">MINGA S.A Suministra Cuadrilla de suelda para equipos de proceso (API-ASME)<\/span><br \/>\n<span style=\"color: #808080\">Suministra cuadrilla de suelda para construcci\u00f3n de soportes, cerramientos, galpones, etc.<\/span>[\/vc_column_text][vc_single_image image=&#8221;235&#8243; img_size=&#8221;750&#215;300&#8243; onclick=&#8221;custom_link&#8221; link=&#8221;https:\/\/minga.ec\/servicios\/#servicio-tecnico&#8221;][\/vc_tta_section][vc_tta_section title=&#8221;Laboratorio de Calibraci\u00f3n&#8221; tab_id=&#8221;1519754182810-38730ef5-21fa&#8221;][vc_column_text]<\/p>\n<ul>\n<li><span style=\"color: #808080\"><span style=\"font-family: Liberation Serif, serif\"><span style=\"font-size: medium\">Desgasificador de aire, reparaci\u00f3n<\/span><\/span><\/span><\/li>\n<li><span style=\"color: #808080\"><span style=\"font-family: Liberation Serif, serif\"><span style=\"font-size: medium\">Calibraci\u00f3n y cebadores bidireccionales Water Draw<\/span><\/span><\/span><\/li>\n<li><span style=\"color: #808080\"><span style=\"font-family: Liberation Serif, serif\"><span style=\"font-size: medium\">Mantenimiento de contador num\u00e9rico mec\u00e1nico <\/span><\/span><\/span><\/li>\n<\/ul>\n<p align=\"justify\"><span style=\"color: #808080\"><span style=\"font-family: Liberation Serif, serif\"><span style=\"font-size: medium\">Bancos de prueba m\u00f3viles, inspecci\u00f3n y calibraci\u00f3n de v\u00e1lvulas de presi\u00f3n y seguridad (PSV)<\/span><\/span><\/span><\/p>\n<ul>\n<li><span style=\"color: #808080\"><span style=\"font-family: Liberation Serif, serif\"><span style=\"font-size: medium\">Calibraci\u00f3n y certificaci\u00f3n de v\u00e1lvulas PSV para gas<\/span><\/span><\/span><\/li>\n<li><span style=\"color: #808080\"><span style=\"font-family: Liberation Serif, serif\"><span style=\"font-size: medium\">Calibraci\u00f3n y certificaci\u00f3n de v\u00e1lvulas PSV para l\u00edquido<\/span><\/span><\/span><\/li>\n<\/ul>\n<p>[\/vc_column_text][vc_single_image image=&#8221;224&#8243; img_size=&#8221;750&#215;300&#8243; onclick=&#8221;custom_link&#8221; link=&#8221;https:\/\/minga.ec\/servicios\/#servicios-laboratorio-calibracion&#8221;][\/vc_tta_section][vc_tta_section title=&#8221;Organismo de inspecci\u00f3n e instrumentaci\u00f3n y control&#8221; tab_id=&#8221;1519754183086-90358d93-323f&#8221;][vc_column_text]<\/p>\n<p align=\"justify\"><span style=\"color: #808080\"><span style=\"font-family: Arial, sans-serif\"><span style=\"font-size: medium\">Servicio de verificaci\u00f3n de equipos e instrumentos en taller y campo<\/span><\/span><\/span><\/p>\n<ul>\n<li><span style=\"color: #808080\"><span style=\"font-family: Arial, sans-serif\"><span style=\"font-size: medium\">Calibraci\u00f3n y certificaci\u00f3n de medidores tipo turbina<\/span><\/span><\/span><\/li>\n<li><span style=\"color: #808080\"><span style=\"font-family: Arial, sans-serif\"><span style=\"font-size: medium\">Calibraci\u00f3n de totalizador de flujo<\/span><\/span><\/span><\/li>\n<li><span style=\"color: #808080\"><span style=\"font-family: Arial, sans-serif\"><span style=\"font-size: medium\">Calibraci\u00f3n de monitor de corte de agua (BSW)<\/span><\/span><\/span><\/li>\n<li><span style=\"color: #808080\"><span style=\"font-family: Arial, sans-serif\"><span style=\"font-size: medium\">Calibraci\u00f3n, verificaci\u00f3n y certificaci\u00f3n de medidores, Smith Meter<\/span><\/span><\/span><\/li>\n<li><span style=\"color: #808080\"><span style=\"font-family: Arial, sans-serif\"><span style=\"font-size: medium\">Calibraci\u00f3n y certificaci\u00f3n de lazos de control<\/span><\/span><\/span><\/li>\n<li><span style=\"color: #808080\"><span style=\"font-family: Arial, sans-serif\"><span style=\"font-size: medium\">Configuraci\u00f3n de computador de flujo<\/span><\/span><\/span><\/li>\n<li><span style=\"color: #808080\"><span style=\"font-family: Arial, sans-serif\"><span style=\"font-size: medium\">Desgasificador, desmontaje e inspecci\u00f3n<\/span><\/span><\/span><\/li>\n<li><span style=\"color: #808080\"><span style=\"font-family: Arial, sans-serif\"><span style=\"font-size: medium\">Certificaci\u00f3n de pruebas hidroest\u00e1ticas<\/span><\/span><\/span><\/li>\n<\/ul>\n<p>[\/vc_column_text][vc_single_image image=&#8221;689&#8243; img_size=&#8221;750&#215;300&#8243; alignment=&#8221;center&#8221; onclick=&#8221;custom_link&#8221; link=&#8221;https:\/\/minga.ec\/servicios\/#organismo_de_Inspeccion&#8221;][\/vc_tta_section][\/vc_tta_tour][vc_single_image image=&#8221;3206&#8243; img_size=&#8221;full&#8221;][vc_row_inner][vc_column_inner width=&#8221;1\/4&#8243;][vc_column_text]<\/p>\n<p align=\"justify\"><span style=\"color: #808080\"><span style=\"font-family: Arial, sans-serif\"><span style=\"font-size: medium\">MINGA S.A posee el KNOW HOW, para fabricaci\u00f3n de cabezales de pozo bajo la norma API 6A, as\u00ed como para otros equipos de EXPLORACI\u00d3N, PERFORACI\u00d3N Y EXPLOTACI\u00d3N de 6A y otros est\u00e1ndares.<\/span><\/span><\/span><\/p>\n<p>[\/vc_column_text][vc_single_image image=&#8221;323&#8243; img_size=&#8221;medium&#8221;][\/vc_column_inner][vc_column_inner width=&#8221;2\/4&#8243;][vc_column_text]<\/p>\n<p align=\"justify\"><span style=\"color: #808080\"><span style=\"font-family: Arial, sans-serif\"><span style=\"font-size: medium\">MINGA S.A. dispone de equipos y maquinaria capaces de suplir los requerimientos constructivos del cliente tanto para manufactura de equipos, partes y piezas de la industria petrolera y en general, as\u00ed como tambi\u00e9n es capaz de prestar servicios de pintura y sand blasting cumplendo los estandares establecidos por el sector petrolero.<\/span><\/span><\/span><\/p>\n<p>[\/vc_column_text][\/vc_column_inner][vc_column_inner width=&#8221;1\/4&#8243;][vc_video link=&#8221;https:\/\/youtu.be\/EHgvrWZpPYs&#8221; el_aspect=&#8221;43&#8243; align=&#8221;center&#8221;][\/vc_column_inner][\/vc_row_inner][\/vc_column][vc_column css=&#8221;.vc_custom_1548366955954{margin-top: 50px !important;margin-bottom: 50px !important;}&#8221;][tt_section_title title_alignment=&#8221;text-center&#8221; title=&#8221;Nuestros &#8211; Clientes&#8221; css=&#8221;.vc_custom_1548366853339{padding-bottom: 30px !important;}&#8221;][\/tt_section_title][vc_column_text]<img decoding=\"async\" class=\"alignnone wp-image-567\" src=\"https:\/\/minga.ec\/wp-content\/uploads\/2017\/04\/tecpetrol-1-300x150.png\" alt=\"\" width=\"169\" height=\"79\"><img decoding=\"async\" class=\"alignnone wp-image-692\" src=\"https:\/\/minga.ec\/wp-content\/uploads\/2024\/06\/LOGO-PETROECUADO-300x160.jpeg\" alt=\"\" width=\"187\" height=\"96\"><img loading=\"lazy\" decoding=\"async\" class=\"alignnone wp-image-565\" src=\"https:\/\/minga.ec\/wp-content\/uploads\/2017\/04\/shlumberger-1-300x150.png\" alt=\"\" width=\"197\" height=\"88\"><img loading=\"lazy\" decoding=\"async\" class=\"alignnone wp-image-561\" src=\"https:\/\/minga.ec\/wp-content\/uploads\/2017\/04\/hilong-1-300x150.png\" alt=\"\" width=\"173\" height=\"70\"><img loading=\"lazy\" decoding=\"async\" class=\"alignnone wp-image-559\" src=\"https:\/\/minga.ec\/wp-content\/uploads\/2017\/04\/geopetsa-1.png\" alt=\"\" width=\"253\" height=\"127\" srcset=\"https:\/\/minga.ec\/wp-content\/uploads\/2017\/04\/geopetsa-1.png 400w, https:\/\/minga.ec\/wp-content\/uploads\/2017\/04\/geopetsa-1-300x150.png 300w, https:\/\/minga.ec\/wp-content\/uploads\/2017\/04\/geopetsa-1-170x85.png 170w\" sizes=\"(max-width: 253px) 100vw, 253px\" \/> <img loading=\"lazy\" decoding=\"async\" class=\"alignnone wp-image-368\" src=\"https:\/\/minga.ec\/wp-content\/uploads\/2017\/04\/petrobell-150x150.png\" alt=\"\" width=\"116\" height=\"121\"> <img loading=\"lazy\" decoding=\"async\" class=\"alignnone wp-image-566\" src=\"https:\/\/minga.ec\/wp-content\/uploads\/2017\/04\/sinopec-1-150x150.png\" alt=\"\" width=\"119\" height=\"114\"><img loading=\"lazy\" decoding=\"async\" class=\"alignnone wp-image-369\" src=\"https:\/\/minga.ec\/wp-content\/uploads\/2017\/04\/rio-napo.png\" alt=\"\" width=\"214\" height=\"74\"> <img loading=\"lazy\" decoding=\"async\" class=\"alignnone wp-image-367\" src=\"https:\/\/minga.ec\/wp-content\/uploads\/2017\/04\/pdvsa-150x150.jpg\" alt=\"\" width=\"116\" height=\"103\"><img loading=\"lazy\" decoding=\"async\" class=\"alignnone size-full wp-image-371\" src=\"https:\/\/minga.ec\/wp-content\/uploads\/2017\/04\/Tecpetrol.jpg\" alt=\"\" width=\"177\" height=\"119\" srcset=\"https:\/\/minga.ec\/wp-content\/uploads\/2017\/04\/Tecpetrol.jpg 177w, https:\/\/minga.ec\/wp-content\/uploads\/2017\/04\/Tecpetrol-141x95.jpg 141w, https:\/\/minga.ec\/wp-content\/uploads\/2017\/04\/Tecpetrol-98x65.jpg 98w\" sizes=\"(max-width: 177px) 100vw, 177px\" \/><img loading=\"lazy\" decoding=\"async\" class=\"alignnone wp-image-558\" src=\"https:\/\/minga.ec\/wp-content\/uploads\/2017\/04\/enap-1.png\" alt=\"\" width=\"235\" height=\"118\" srcset=\"https:\/\/minga.ec\/wp-content\/uploads\/2017\/04\/enap-1.png 400w, https:\/\/minga.ec\/wp-content\/uploads\/2017\/04\/enap-1-300x150.png 300w, https:\/\/minga.ec\/wp-content\/uploads\/2017\/04\/enap-1-170x85.png 170w\" sizes=\"(max-width: 235px) 100vw, 235px\" \/><img loading=\"lazy\" decoding=\"async\" class=\"alignnone wp-image-564\" src=\"https:\/\/minga.ec\/wp-content\/uploads\/2017\/04\/petrobell-1.png\" alt=\"\" width=\"271\" height=\"154\"><img loading=\"lazy\" decoding=\"async\" class=\"alignnone wp-image-557\" src=\"https:\/\/minga.ec\/wp-content\/uploads\/2017\/04\/cpven-1.png\" alt=\"\" width=\"218\" height=\"106\">[\/vc_column_text][\/vc_column][\/vc_row][vc_row][vc_column][tt_section_title title_alignment=&#8221;text-center&#8221; title=&#8221;Contactos&#8221; css=&#8221;.vc_custom_1548427327009{padding-bottom: 20px !important;}&#8221;][\/tt_section_title][vc_row_inner][vc_column_inner width=&#8221;1\/3&#8243;][vc_column_text]<img loading=\"lazy\" decoding=\"async\" class=\"alignnone size-full wp-image-698\" src=\"https:\/\/minga.ec\/wp-content\/uploads\/2024\/06\/LOGO_MINGA.png\" alt=\"\" width=\"290\" height=\"110\" srcset=\"https:\/\/minga.ec\/wp-content\/uploads\/2024\/06\/LOGO_MINGA.png 290w, https:\/\/minga.ec\/wp-content\/uploads\/2024\/06\/LOGO_MINGA-170x64.png 170w\" sizes=\"(max-width: 290px) 100vw, 290px\" \/>[\/vc_column_text][\/vc_column_inner][vc_column_inner width=&#8221;1\/3&#8243;][vc_column_text]<\/p>\n<p align=\"center\"><span style=\"color: #333333\"><span style=\"font-family: Arial, sans-serif\"><span style=\"font-size: large\"><strong>Correo informativo:<br \/>\n<\/strong><\/span><\/span><\/span><\/p>\n<p align=\"center\">mail: <a href=\"mailto:info@minga.ec\">info@minga.ec<\/a><\/p>\n<p>[\/vc_column_text][vc_column_text]<\/p>\n<p align=\"center\"><span style=\"color: #333333\"><span style=\"font-family: Arial, sans-serif\"><span style=\"font-size: large\"><b>Ventas y servicios: <\/b><\/span><\/span><\/span><\/p>\n<p align=\"center\">mail: <a href=\"mailto:ventas@minga.ec\">ventas@minga.ec<\/a><\/p>\n<p align=\"center\">\n<p align=\"center\"><span style=\"color: #333333\"><span style=\"font-family: Arial, sans-serif\"><span style=\"font-size: large\"><b>Cotizaciones:<\/b><\/span><\/span><\/span><\/p>\n<p align=\"center\">mail: <a href=\"mailto:comercial@minga.ec\">comercial@minga.ec<\/a><\/p>\n<p>[\/vc_column_text][\/vc_column_inner][vc_column_inner width=&#8221;1\/3&#8243;][vc_column_text]<\/p>\n<p align=\"center\"><span style=\"color: #333333\"><span style=\"font-family: Arial, sans-serif\"><span style=\"font-size: medium\"><strong><span style=\"font-size: large\">Direcci\u00f3n: <\/span><\/strong><\/span><\/span><\/span><\/p>\n<p align=\"center\"><span style=\"color: #333333\"><span style=\"font-family: Arial, sans-serif\"><span style=\"font-size: large\">Campamento MINGA &#8211; Shushufindi<\/span><\/span><\/span><\/p>\n<p align=\"center\"><span style=\"color: #333333\"><span style=\"font-family: Arial, sans-serif\"><span style=\"font-size: large\">Km. 41\/2 V\u00eda Shushufindi<\/span><\/span><\/span><\/p>\n<p>[\/vc_column_text][vc_column_text]<\/p>\n<p align=\"center\"><span style=\"color: #333333\"><span style=\"font-family: Arial, sans-serif\"><span style=\"font-size: medium\"><b>Tel\u00e9f<\/b><b>ono<\/b><b>: <\/b><\/span><\/span><\/span><\/p>\n<p align=\"center\"><span style=\"color: #333333\"><span style=\"font-family: Arial, sans-serif\"><span style=\"font-size: medium\">(593-2) 2459-232<\/span><\/span><\/span><\/p>\n<p>[\/vc_column_text][\/vc_column_inner][\/vc_row_inner][\/vc_column][vc_column][\/vc_column][\/vc_row][vc_row][vc_column][vc_row_inner][vc_column_inner width=&#8221;1\/3&#8243;][\/vc_column_inner][\/vc_row_inner][\/vc_column][vc_column][\/vc_column][\/vc_row]<\/p>\n","protected":false},"excerpt":{"rendered":"<p>[vc_row css=&#8221;.vc_custom_1519936480747{padding-top: 0px !important;padding-bottom: 0px !important;}&#8221;][vc_column][rev_slider_vc alias=&#8221;home-slide&#8221; title=&#8221;Slider Principal&#8221;][\/vc_column][\/vc_row][vc_row css=&#8221;.vc_custom_1524764534370{margin-bottom: 0px !important;padding-top: 25px !important;padding-bottom: 10px !important;background-color: #f6f6f6 !important;}&#8221;][vc_column width=&#8221;2\/3&#8243;][tt_section_title title_alignment=&#8221;text-center&#8221; section_separator=&#8221;no&#8221; title=&#8221;Qui\u00e9nes &#8211; Somos&#8221;] MINGA empresa pionera en el Sector Hidrocarbur\u00edfero del Pa\u00eds, fundada hace m\u00e1s de 40 a\u00f1os, se cre\u00f3 para constituirse en brindar Servicios de Construcci\u00f3n, Servicios Especializados, Servicio T\u00e9cnico, Organismo de Inspecci\u00f3n [&hellip;]<\/p>\n","protected":false},"author":1,"featured_media":0,"parent":0,"menu_order":0,"comment_status":"closed","ping_status":"closed","template":"page-templates\/template-home.php","meta":{"footnotes":""},"class_list":["post-17","page","type-page","status-publish","hentry"],"yoast_head":"<!-- This site is optimized with the Yoast SEO plugin v19.13 - https:\/\/yoast.com\/wordpress\/plugins\/seo\/ -->\n<title>Minga - Calidad en Servicios Petroleros en el Ecuador<\/title>\n<meta name=\"description\" content=\"Minga pionera en el Ecuador en brindar servicios petroleros de hace m\u00e1s de 40 a\u00f1os. Con gran experiencia el la industria de los Hidrocarburos\" \/>\n<meta name=\"robots\" content=\"index, follow, max-snippet:-1, max-image-preview:large, max-video-preview:-1\" \/>\n<link rel=\"canonical\" href=\"https:\/\/minga.ec\/\" \/>\n<meta property=\"og:locale\" content=\"es_ES\" \/>\n<meta property=\"og:type\" content=\"article\" \/>\n<meta property=\"og:title\" content=\"Minga - Calidad en Servicios Petroleros en el Ecuador\" \/>\n<meta property=\"og:description\" content=\"Minga pionera en el Ecuador en brindar servicios petroleros de hace m\u00e1s de 40 a\u00f1os. Con gran experiencia el la industria de los Hidrocarburos\" \/>\n<meta property=\"og:url\" content=\"https:\/\/minga.ec\/\" \/>\n<meta property=\"og:site_name\" content=\"Minga\" \/>\n<meta property=\"article:modified_time\" content=\"2024-10-08T18:47:31+00:00\" \/>\n<meta property=\"og:image\" content=\"https:\/\/minga.ec\/wp-content\/uploads\/2017\/04\/trabaja-con-nosotros-minga-300x159.png\" \/>\n<meta name=\"twitter:card\" content=\"summary_large_image\" \/>\n<meta name=\"twitter:label1\" content=\"Tiempo de lectura\" \/>\n\t<meta name=\"twitter:data1\" content=\"6 minutos\" \/>\n<script type=\"application\/ld+json\" class=\"yoast-schema-graph\">{\"@context\":\"https:\/\/schema.org\",\"@graph\":[{\"@type\":\"WebPage\",\"@id\":\"https:\/\/minga.ec\/\",\"url\":\"https:\/\/minga.ec\/\",\"name\":\"Minga - Calidad en Servicios Petroleros en el Ecuador\",\"isPartOf\":{\"@id\":\"https:\/\/minga.ec\/#website\"},\"datePublished\":\"2017-04-06T19:41:03+00:00\",\"dateModified\":\"2024-10-08T18:47:31+00:00\",\"description\":\"Minga pionera en el Ecuador en brindar servicios petroleros de hace m\u00e1s de 40 a\u00f1os. Con gran experiencia el la industria de los Hidrocarburos\",\"breadcrumb\":{\"@id\":\"https:\/\/minga.ec\/#breadcrumb\"},\"inLanguage\":\"es\",\"potentialAction\":[{\"@type\":\"ReadAction\",\"target\":[\"https:\/\/minga.ec\/\"]}]},{\"@type\":\"BreadcrumbList\",\"@id\":\"https:\/\/minga.ec\/#breadcrumb\",\"itemListElement\":[{\"@type\":\"ListItem\",\"position\":1,\"name\":\"Portada\",\"item\":\"https:\/\/minga.ec\/\"},{\"@type\":\"ListItem\",\"position\":2,\"name\":\"Home\"}]},{\"@type\":\"WebSite\",\"@id\":\"https:\/\/minga.ec\/#website\",\"url\":\"https:\/\/minga.ec\/\",\"name\":\"Minga\",\"description\":\"Servicios t\u00e9cnicos y venta de equipos para el \u00e1rea petrolera\",\"potentialAction\":[{\"@type\":\"SearchAction\",\"target\":{\"@type\":\"EntryPoint\",\"urlTemplate\":\"https:\/\/minga.ec\/?s={search_term_string}\"},\"query-input\":\"required name=search_term_string\"}],\"inLanguage\":\"es\"}]}<\/script>\n<!-- \/ Yoast SEO plugin. -->","yoast_head_json":{"title":"Minga - Calidad en Servicios Petroleros en el Ecuador","description":"Minga pionera en el Ecuador en brindar servicios petroleros de hace m\u00e1s de 40 a\u00f1os. Con gran experiencia el la industria de los Hidrocarburos","robots":{"index":"index","follow":"follow","max-snippet":"max-snippet:-1","max-image-preview":"max-image-preview:large","max-video-preview":"max-video-preview:-1"},"canonical":"https:\/\/minga.ec\/","og_locale":"es_ES","og_type":"article","og_title":"Minga - Calidad en Servicios Petroleros en el Ecuador","og_description":"Minga pionera en el Ecuador en brindar servicios petroleros de hace m\u00e1s de 40 a\u00f1os. Con gran experiencia el la industria de los Hidrocarburos","og_url":"https:\/\/minga.ec\/","og_site_name":"Minga","article_modified_time":"2024-10-08T18:47:31+00:00","og_image":[{"url":"https:\/\/minga.ec\/wp-content\/uploads\/2017\/04\/trabaja-con-nosotros-minga-300x159.png"}],"twitter_card":"summary_large_image","twitter_misc":{"Tiempo de lectura":"6 minutos"},"schema":{"@context":"https:\/\/schema.org","@graph":[{"@type":"WebPage","@id":"https:\/\/minga.ec\/","url":"https:\/\/minga.ec\/","name":"Minga - Calidad en Servicios Petroleros en el Ecuador","isPartOf":{"@id":"https:\/\/minga.ec\/#website"},"datePublished":"2017-04-06T19:41:03+00:00","dateModified":"2024-10-08T18:47:31+00:00","description":"Minga pionera en el Ecuador en brindar servicios petroleros de hace m\u00e1s de 40 a\u00f1os. Con gran experiencia el la industria de los Hidrocarburos","breadcrumb":{"@id":"https:\/\/minga.ec\/#breadcrumb"},"inLanguage":"es","potentialAction":[{"@type":"ReadAction","target":["https:\/\/minga.ec\/"]}]},{"@type":"BreadcrumbList","@id":"https:\/\/minga.ec\/#breadcrumb","itemListElement":[{"@type":"ListItem","position":1,"name":"Portada","item":"https:\/\/minga.ec\/"},{"@type":"ListItem","position":2,"name":"Home"}]},{"@type":"WebSite","@id":"https:\/\/minga.ec\/#website","url":"https:\/\/minga.ec\/","name":"Minga","description":"Servicios t\u00e9cnicos y venta de equipos para el \u00e1rea petrolera","potentialAction":[{"@type":"SearchAction","target":{"@type":"EntryPoint","urlTemplate":"https:\/\/minga.ec\/?s={search_term_string}"},"query-input":"required name=search_term_string"}],"inLanguage":"es"}]}},"_links":{"self":[{"href":"https:\/\/minga.ec\/index.php?rest_route=\/wp\/v2\/pages\/17","targetHints":{"allow":["GET"]}}],"collection":[{"href":"https:\/\/minga.ec\/index.php?rest_route=\/wp\/v2\/pages"}],"about":[{"href":"https:\/\/minga.ec\/index.php?rest_route=\/wp\/v2\/types\/page"}],"author":[{"embeddable":true,"href":"https:\/\/minga.ec\/index.php?rest_route=\/wp\/v2\/users\/1"}],"replies":[{"embeddable":true,"href":"https:\/\/minga.ec\/index.php?rest_route=%2Fwp%2Fv2%2Fcomments&post=17"}],"version-history":[{"count":142,"href":"https:\/\/minga.ec\/index.php?rest_route=\/wp\/v2\/pages\/17\/revisions"}],"predecessor-version":[{"id":730,"href":"https:\/\/minga.ec\/index.php?rest_route=\/wp\/v2\/pages\/17\/revisions\/730"}],"wp:attachment":[{"href":"https:\/\/minga.ec\/index.php?rest_route=%2Fwp%2Fv2%2Fmedia&parent=17"}],"curies":[{"name":"wp","href":"https:\/\/api.w.org\/{rel}","templated":true}]}}